{"id":65,"date":"2021-08-19T17:25:46","date_gmt":"2021-08-19T17:25:46","guid":{"rendered":"http:\/\/sk-praga.cz\/zavody\/tis2022\/?page_id=65"},"modified":"2022-08-09T15:30:04","modified_gmt":"2022-08-09T15:30:04","slug":"fotky-ze-zavodu","status":"publish","type":"page","link":"https:\/\/sk-praga.cz\/zavody\/tis2022\/fotky\/fotky-ze-zavodu\/","title":{"rendered":"Fotky ze z\u00e1vod\u016f"},"content":{"rendered":"\n<p>D\u011bkujeme v\u0161em autor\u016fm fotek.<\/p>\n\n\n\n<ul class=\"wp-block-list\"><li>Martin Jon\u00e1\u0161<ul><li>E1: <a rel=\"noreferrer noopener\" href=\"https:\/\/eu.zonerama.com\/jondyho\/Album\/8741883\" target=\"_blank\">https:\/\/eu.zonerama.com\/jondyho\/Album\/8741883<\/a><\/li><li>E2: <a rel=\"noreferrer noopener\" href=\"https:\/\/eu.zonerama.com\/jondyho\/Album\/8742927\" target=\"_blank\">https:\/\/eu.zonerama.com\/jondyho\/Album\/8742927<\/a><\/li><li>E3: <a href=\"https:\/\/eu.zonerama.com\/jondyho\/Album\/8745024\">https:\/\/eu.zonerama.com\/jondyho\/Album\/8745024<\/a><\/li><\/ul><ul><li>E4: <a rel=\"noreferrer noopener\" href=\"https:\/\/eu.zonerama.com\/jondyho\/Album\/8748125\" target=\"_blank\">https:\/\/eu.zonerama.com\/jondyho\/Album\/8748125<\/a><\/li><li>E5: <a rel=\"noreferrer noopener\" href=\"https:\/\/eu.zonerama.com\/jondyho\/Album\/8753601\" target=\"_blank\">https:\/\/eu.zonerama.com\/jondyho\/Album\/8753601<\/a><\/li><li>Doprovodn\u00fd program: <a href=\"https:\/\/eu.zonerama.com\/jondyho\/Album\/8754091\">https:\/\/eu.zonerama.com\/jondyho\/Album\/8753601<\/a> + <a rel=\"noreferrer noopener\" href=\"https:\/\/eu.zonerama.com\/jondyho\/Album\/8753845\" target=\"_blank\">https:\/\/eu.zonerama.com\/jondyho\/Album\/8753845<\/a><\/li><\/ul><\/li><\/ul>\n\n\n\n<ul class=\"wp-block-list\"><li>Vojta Illner<ul><li>E4: <a href=\"https:\/\/www.flickr.com\/photos\/158947081@N05\/sets\/72177720301123485\/\">https:\/\/www.flickr.com\/photos\/158947081@N05\/sets\/72177720301123485\/<\/a><\/li><\/ul><\/li><li>Martin Kondr\u00e1t<ul><li><a rel=\"noreferrer noopener\" href=\"https:\/\/pragovacke.rajce.idnes.cz\/5denni_Tis_2022\/\" target=\"_blank\">https:\/\/pragovacke.rajce.idnes.cz\/5denni_Tis_2022\/<\/a><\/li><\/ul><\/li><\/ul>\n","protected":false},"excerpt":{"rendered":"<p>D\u011bkujeme v\u0161em autor\u016fm fotek. Martin Jon\u00e1\u0161 E1: https:\/\/eu.zonerama.com\/jondyho\/Album\/8741883 E2: https:\/\/eu.zonerama.com\/jondyho\/Album\/8742927 E3: https:\/\/eu.zonerama.com\/jondyho\/Album\/8745024 E4: https:\/\/eu.zonerama.com\/jondyho\/Album\/8748125 E5: https:\/\/eu.zonerama.com\/jondyho\/Album\/8753601 Doprovodn\u00fd program: https:\/\/eu.zonerama.com\/jondyho\/Album\/8753601 + https:\/\/eu.zonerama.com\/jondyho\/Album\/8753845 Vojta Illner E4: https:\/\/www.flickr.com\/photos\/158947081@N05\/sets\/72177720301123485\/ Martin Kondr\u00e1t https:\/\/pragovacke.rajce.idnes.cz\/5denni_Tis_2022\/<\/p>\n","protected":false},"author":2,"featured_media":0,"parent":57,"menu_order":0,"comment_status":"closed","ping_status":"closed","template":"","meta":{"footnotes":""},"class_list":["post-65","page","type-page","status-publish","hentry"],"_links":{"self":[{"href":"https:\/\/sk-praga.cz\/zavody\/tis2022\/wp-json\/wp\/v2\/pages\/65","targetHints":{"allow":["GET"]}}],"collection":[{"href":"https:\/\/sk-praga.cz\/zavody\/tis2022\/wp-json\/wp\/v2\/pages"}],"about":[{"href":"https:\/\/sk-praga.cz\/zavody\/tis2022\/wp-json\/wp\/v2\/types\/page"}],"author":[{"embeddable":true,"href":"https:\/\/sk-praga.cz\/zavody\/tis2022\/wp-json\/wp\/v2\/users\/2"}],"replies":[{"embeddable":true,"href":"https:\/\/sk-praga.cz\/zavody\/tis2022\/wp-json\/wp\/v2\/comments?post=65"}],"version-history":[{"count":5,"href":"https:\/\/sk-praga.cz\/zavody\/tis2022\/wp-json\/wp\/v2\/pages\/65\/revisions"}],"predecessor-version":[{"id":518,"href":"https:\/\/sk-praga.cz\/zavody\/tis2022\/wp-json\/wp\/v2\/pages\/65\/revisions\/518"}],"up":[{"embeddable":true,"href":"https:\/\/sk-praga.cz\/zavody\/tis2022\/wp-json\/wp\/v2\/pages\/57"}],"wp:attachment":[{"href":"https:\/\/sk-praga.cz\/zavody\/tis2022\/wp-json\/wp\/v2\/media?parent=65"}],"curies":[{"name":"wp","href":"https:\/\/api.w.org\/{rel}","templated":true}]}}