{"id":53,"date":"2021-08-19T17:22:33","date_gmt":"2021-08-19T17:22:33","guid":{"rendered":"http:\/\/sk-praga.cz\/zavody\/tis2022\/?page_id=53"},"modified":"2022-05-26T16:05:56","modified_gmt":"2022-05-26T16:05:56","slug":"parametry","status":"publish","type":"page","link":"https:\/\/sk-praga.cz\/zavody\/tis2022\/parametry\/","title":{"rendered":"Parametry"},"content":{"rendered":"\n<p>P\u0159edb\u011b\u017en\u00e9 parametry trat\u00ed ke sta\u017een\u00ed <a href=\"http:\/\/sk-praga.cz\/zavody\/tis2022\/wp-content\/uploads\/2022\/05\/predpokladane_parametry_trati.pdf\" data-type=\"URL\" data-id=\"http:\/\/sk-praga.cz\/zavody\/tis2022\/wp-content\/uploads\/2022\/05\/predpokladane_parametry_trati.pdf\">zde<\/a>.<\/p>\n","protected":false},"excerpt":{"rendered":"<p>P\u0159edb\u011b\u017en\u00e9 parametry trat\u00ed ke sta\u017een\u00ed zde.<\/p>\n","protected":false},"author":2,"featured_media":0,"parent":0,"menu_order":0,"comment_status":"closed","ping_status":"closed","template":"","meta":{"footnotes":""},"class_list":["post-53","page","type-page","status-publish","hentry"],"_links":{"self":[{"href":"https:\/\/sk-praga.cz\/zavody\/tis2022\/wp-json\/wp\/v2\/pages\/53","targetHints":{"allow":["GET"]}}],"collection":[{"href":"https:\/\/sk-praga.cz\/zavody\/tis2022\/wp-json\/wp\/v2\/pages"}],"about":[{"href":"https:\/\/sk-praga.cz\/zavody\/tis2022\/wp-json\/wp\/v2\/types\/page"}],"author":[{"embeddable":true,"href":"https:\/\/sk-praga.cz\/zavody\/tis2022\/wp-json\/wp\/v2\/users\/2"}],"replies":[{"embeddable":true,"href":"https:\/\/sk-praga.cz\/zavody\/tis2022\/wp-json\/wp\/v2\/comments?post=53"}],"version-history":[{"count":2,"href":"https:\/\/sk-praga.cz\/zavody\/tis2022\/wp-json\/wp\/v2\/pages\/53\/revisions"}],"predecessor-version":[{"id":366,"href":"https:\/\/sk-praga.cz\/zavody\/tis2022\/wp-json\/wp\/v2\/pages\/53\/revisions\/366"}],"wp:attachment":[{"href":"https:\/\/sk-praga.cz\/zavody\/tis2022\/wp-json\/wp\/v2\/media?parent=53"}],"curies":[{"name":"wp","href":"https:\/\/api.w.org\/{rel}","templated":true}]}}