{"id":40,"date":"2021-08-19T17:20:24","date_gmt":"2021-08-19T17:20:24","guid":{"rendered":"http:\/\/sk-praga.cz\/zavody\/tis2022\/?page_id=40"},"modified":"2021-08-30T16:45:06","modified_gmt":"2021-08-30T16:45:06","slug":"ukazky-map","status":"publish","type":"page","link":"https:\/\/sk-praga.cz\/zavody\/tis2022\/ukazky-map\/","title":{"rendered":"Uk\u00e1zky map"},"content":{"rendered":"\n<div class=\"wp-block-group\"><div class=\"wp-block-group__inner-container is-layout-flow wp-block-group-is-layout-flow\">\n<figure class=\"wp-block-gallery aligncenter columns-5 wp-block-gallery-1 is-layout-flex wp-block-gallery-is-layout-flex\"><ul class=\"blocks-gallery-grid\"><li class=\"blocks-gallery-item\"><figure><img loading=\"lazy\" decoding=\"async\" width=\"300\" height=\"300\" src=\"http:\/\/sk-praga.cz\/zavody\/tis2022\/wp-content\/uploads\/2021\/08\/E1-300x300.jpg\" alt=\"\" data-id=\"210\" data-full-url=\"http:\/\/sk-praga.cz\/zavody\/tis2022\/wp-content\/uploads\/2021\/08\/E1.jpg\" data-link=\"http:\/\/sk-praga.cz\/zavody\/tis2022\/ukazky-map\/e1\/\" class=\"wp-image-210\" srcset=\"https:\/\/sk-praga.cz\/zavody\/tis2022\/wp-content\/uploads\/2021\/08\/E1-300x300.jpg 300w, https:\/\/sk-praga.cz\/zavody\/tis2022\/wp-content\/uploads\/2021\/08\/E1-150x150.jpg 150w, https:\/\/sk-praga.cz\/zavody\/tis2022\/wp-content\/uploads\/2021\/08\/E1-100x100.jpg 100w, https:\/\/sk-praga.cz\/zavody\/tis2022\/wp-content\/uploads\/2021\/08\/E1.jpg 756w\" sizes=\"auto, (max-width: 300px) 100vw, 300px\" \/><\/figure><\/li><li class=\"blocks-gallery-item\"><figure><img loading=\"lazy\" decoding=\"async\" width=\"300\" height=\"300\" src=\"http:\/\/sk-praga.cz\/zavody\/tis2022\/wp-content\/uploads\/2021\/08\/E2-300x300.jpg\" alt=\"\" data-id=\"211\" data-full-url=\"http:\/\/sk-praga.cz\/zavody\/tis2022\/wp-content\/uploads\/2021\/08\/E2.jpg\" data-link=\"http:\/\/sk-praga.cz\/zavody\/tis2022\/ukazky-map\/e2\/\" class=\"wp-image-211\" srcset=\"https:\/\/sk-praga.cz\/zavody\/tis2022\/wp-content\/uploads\/2021\/08\/E2-300x300.jpg 300w, https:\/\/sk-praga.cz\/zavody\/tis2022\/wp-content\/uploads\/2021\/08\/E2-150x150.jpg 150w, https:\/\/sk-praga.cz\/zavody\/tis2022\/wp-content\/uploads\/2021\/08\/E2-100x100.jpg 100w, https:\/\/sk-praga.cz\/zavody\/tis2022\/wp-content\/uploads\/2021\/08\/E2.jpg 756w\" sizes=\"auto, (max-width: 300px) 100vw, 300px\" \/><\/figure><\/li><li class=\"blocks-gallery-item\"><figure><img loading=\"lazy\" decoding=\"async\" width=\"300\" height=\"300\" src=\"http:\/\/sk-praga.cz\/zavody\/tis2022\/wp-content\/uploads\/2021\/08\/E3-300x300.jpg\" alt=\"\" data-id=\"212\" data-full-url=\"http:\/\/sk-praga.cz\/zavody\/tis2022\/wp-content\/uploads\/2021\/08\/E3.jpg\" data-link=\"http:\/\/sk-praga.cz\/zavody\/tis2022\/ukazky-map\/e3\/\" class=\"wp-image-212\" srcset=\"https:\/\/sk-praga.cz\/zavody\/tis2022\/wp-content\/uploads\/2021\/08\/E3-300x300.jpg 300w, https:\/\/sk-praga.cz\/zavody\/tis2022\/wp-content\/uploads\/2021\/08\/E3-150x150.jpg 150w, https:\/\/sk-praga.cz\/zavody\/tis2022\/wp-content\/uploads\/2021\/08\/E3-100x100.jpg 100w, https:\/\/sk-praga.cz\/zavody\/tis2022\/wp-content\/uploads\/2021\/08\/E3.jpg 756w\" sizes=\"auto, (max-width: 300px) 100vw, 300px\" \/><\/figure><\/li><li class=\"blocks-gallery-item\"><figure><img loading=\"lazy\" decoding=\"async\" width=\"300\" height=\"300\" src=\"http:\/\/sk-praga.cz\/zavody\/tis2022\/wp-content\/uploads\/2021\/08\/E4-3-300x300.jpg\" alt=\"\" data-id=\"235\" data-full-url=\"http:\/\/sk-praga.cz\/zavody\/tis2022\/wp-content\/uploads\/2021\/08\/E4-3.jpg\" data-link=\"http:\/\/sk-praga.cz\/zavody\/tis2022\/ukazky-map\/e4-3\/\" class=\"wp-image-235\" srcset=\"https:\/\/sk-praga.cz\/zavody\/tis2022\/wp-content\/uploads\/2021\/08\/E4-3-300x300.jpg 300w, https:\/\/sk-praga.cz\/zavody\/tis2022\/wp-content\/uploads\/2021\/08\/E4-3-150x150.jpg 150w, https:\/\/sk-praga.cz\/zavody\/tis2022\/wp-content\/uploads\/2021\/08\/E4-3-100x100.jpg 100w, https:\/\/sk-praga.cz\/zavody\/tis2022\/wp-content\/uploads\/2021\/08\/E4-3.jpg 756w\" sizes=\"auto, (max-width: 300px) 100vw, 300px\" \/><\/figure><\/li><li class=\"blocks-gallery-item\"><figure><img loading=\"lazy\" decoding=\"async\" width=\"300\" height=\"300\" src=\"http:\/\/sk-praga.cz\/zavody\/tis2022\/wp-content\/uploads\/2021\/08\/E5-300x300.jpg\" alt=\"\" data-id=\"214\" data-full-url=\"http:\/\/sk-praga.cz\/zavody\/tis2022\/wp-content\/uploads\/2021\/08\/E5.jpg\" data-link=\"http:\/\/sk-praga.cz\/zavody\/tis2022\/ukazky-map\/e5\/\" class=\"wp-image-214\" srcset=\"https:\/\/sk-praga.cz\/zavody\/tis2022\/wp-content\/uploads\/2021\/08\/E5-300x300.jpg 300w, https:\/\/sk-praga.cz\/zavody\/tis2022\/wp-content\/uploads\/2021\/08\/E5-150x150.jpg 150w, https:\/\/sk-praga.cz\/zavody\/tis2022\/wp-content\/uploads\/2021\/08\/E5-100x100.jpg 100w, https:\/\/sk-praga.cz\/zavody\/tis2022\/wp-content\/uploads\/2021\/08\/E5.jpg 756w\" sizes=\"auto, (max-width: 300px) 100vw, 300px\" \/><\/figure><\/li><\/ul><\/figure>\n<\/div><\/div>\n\n\n\n<hr>\n\n\n\n<p>Jak\u00e9 v\u00e1s \u010dekaj\u00ed ter\u00e9ny? M\u016f\u017eete se t\u011b\u0161it na sm\u00ed\u0161en\u00fd, m\u00edrn\u011b kopcovit\u00fd les s velk\u00fdm mno\u017estv\u00edm situa\u010dn\u00edch detail\u016f (balvany, sr\u00e1zy, porostov\u00e9 detaily), dobrou pr\u016fb\u011b\u017enost\u00ed a st\u0159edn\u011b hustou s\u00edt\u00ed komunikac\u00ed. M\u016f\u017eete si tak\u00e9 prohl\u00e9dnout <a href=\"http:\/\/sk-praga.cz\/zavody\/tis2022\/fotky\/fotky-z-terenu\/\">fotky z ter\u00e9nu<\/a>.<\/p>\n\n\n\n<p><\/p>\n","protected":false},"excerpt":{"rendered":"<p>Jak\u00e9 v\u00e1s \u010dekaj\u00ed ter\u00e9ny? M\u016f\u017eete se t\u011b\u0161it na sm\u00ed\u0161en\u00fd, m\u00edrn\u011b kopcovit\u00fd les s velk\u00fdm mno\u017estv\u00edm situa\u010dn\u00edch detail\u016f (balvany, sr\u00e1zy, porostov\u00e9 detaily), dobrou pr\u016fb\u011b\u017enost\u00ed a st\u0159edn\u011b hustou s\u00edt\u00ed komunikac\u00ed. M\u016f\u017eete si tak\u00e9 prohl\u00e9dnout fotky z ter\u00e9nu.<\/p>\n","protected":false},"author":2,"featured_media":0,"parent":0,"menu_order":0,"comment_status":"closed","ping_status":"closed","template":"","meta":{"footnotes":""},"class_list":["post-40","page","type-page","status-publish","hentry"],"_links":{"self":[{"href":"https:\/\/sk-praga.cz\/zavody\/tis2022\/wp-json\/wp\/v2\/pages\/40","targetHints":{"allow":["GET"]}}],"collection":[{"href":"https:\/\/sk-praga.cz\/zavody\/tis2022\/wp-json\/wp\/v2\/pages"}],"about":[{"href":"https:\/\/sk-praga.cz\/zavody\/tis2022\/wp-json\/wp\/v2\/types\/page"}],"author":[{"embeddable":true,"href":"https:\/\/sk-praga.cz\/zavody\/tis2022\/wp-json\/wp\/v2\/users\/2"}],"replies":[{"embeddable":true,"href":"https:\/\/sk-praga.cz\/zavody\/tis2022\/wp-json\/wp\/v2\/comments?post=40"}],"version-history":[{"count":13,"href":"https:\/\/sk-praga.cz\/zavody\/tis2022\/wp-json\/wp\/v2\/pages\/40\/revisions"}],"predecessor-version":[{"id":237,"href":"https:\/\/sk-praga.cz\/zavody\/tis2022\/wp-json\/wp\/v2\/pages\/40\/revisions\/237"}],"wp:attachment":[{"href":"https:\/\/sk-praga.cz\/zavody\/tis2022\/wp-json\/wp\/v2\/media?parent=40"}],"curies":[{"name":"wp","href":"https:\/\/api.w.org\/{rel}","templated":true}]}}