{"id":31,"date":"2021-08-24T09:48:29","date_gmt":"2021-08-24T09:48:29","guid":{"rendered":"http:\/\/sk-praga.cz\/zavody\/tis2022\/?page_id=31"},"modified":"2022-08-01T13:22:17","modified_gmt":"2022-08-01T13:22:17","slug":"pokyny","status":"publish","type":"page","link":"https:\/\/sk-praga.cz\/zavody\/tis2022\/pokyny\/","title":{"rendered":"Rozpis a pokyny"},"content":{"rendered":"\n<p>I pokyny si m\u016f\u017eete <a href=\"http:\/\/sk-praga.cz\/zavody\/tis2022\/wp-content\/uploads\/2022\/08\/pokyny.pdf\" data-type=\"URL\" data-id=\"http:\/\/sk-praga.cz\/zavody\/tis2022\/wp-content\/uploads\/2022\/08\/pokyny.pdf\" target=\"_blank\" rel=\"noreferrer noopener\">st\u00e1hnout<\/a>, nebo si je prohl\u00e9dnout p\u0159\u00edmo tady:<\/p>\n\n\n<a href=\"https:\/\/sk-praga.cz\/zavody\/tis2022\/wp-content\/uploads\/2022\/08\/pokyny.pdf\" class=\"pdfemb-viewer\" style=\"width: 500px; \" data-width=\"500\" data-height=\"max\"  data-toolbar=\"bottom\" data-toolbar-fixed=\"off\">pokyny<br\/><\/a>\n<p class=\"wp-block-pdfemb-pdf-embedder-viewer\"><\/p>\n\n\n\n<p>Posledn\u00ed aktualizace 1.6.2022.<\/p>\n\n\n\n<p>Rozpis si ji\u017e m\u016f\u017eete <a href=\"http:\/\/sk-praga.cz\/zavody\/tis2022\/wp-content\/uploads\/2022\/06\/bulletin2-cz-01062022.pdf\" data-type=\"URL\" data-id=\"http:\/\/sk-praga.cz\/zavody\/tis2022\/wp-content\/uploads\/2022\/06\/bulletin2-cz-01062022.pdf\" target=\"_blank\" rel=\"noreferrer noopener\">st\u00e1hnout<\/a>, nebo do n\u011bj nahl\u00e9dn\u011bte p\u0159\u00edmo zde na str\u00e1nk\u00e1ch:<\/p>\n\n\n<a href=\"https:\/\/sk-praga.cz\/zavody\/tis2022\/wp-content\/uploads\/2022\/06\/bulletin2-cz-01062022.pdf\" class=\"pdfemb-viewer\" style=\"width: 500px; \" data-width=\"500\" data-height=\"max\"  data-toolbar=\"bottom\" data-toolbar-fixed=\"off\">bulletin2-cz-01062022<br\/><\/a>\n<p class=\"wp-block-pdfemb-pdf-embedder-viewer\"><\/p>\n","protected":false},"excerpt":{"rendered":"<p>I pokyny si m\u016f\u017eete st\u00e1hnout, nebo si je prohl\u00e9dnout p\u0159\u00edmo tady: Posledn\u00ed aktualizace 1.6.2022. Rozpis si ji\u017e m\u016f\u017eete st\u00e1hnout, nebo do n\u011bj nahl\u00e9dn\u011bte p\u0159\u00edmo zde na str\u00e1nk\u00e1ch:<\/p>\n","protected":false},"author":2,"featured_media":0,"parent":0,"menu_order":0,"comment_status":"closed","ping_status":"closed","template":"","meta":{"footnotes":""},"class_list":["post-31","page","type-page","status-publish","hentry"],"_links":{"self":[{"href":"https:\/\/sk-praga.cz\/zavody\/tis2022\/wp-json\/wp\/v2\/pages\/31","targetHints":{"allow":["GET"]}}],"collection":[{"href":"https:\/\/sk-praga.cz\/zavody\/tis2022\/wp-json\/wp\/v2\/pages"}],"about":[{"href":"https:\/\/sk-praga.cz\/zavody\/tis2022\/wp-json\/wp\/v2\/types\/page"}],"author":[{"embeddable":true,"href":"https:\/\/sk-praga.cz\/zavody\/tis2022\/wp-json\/wp\/v2\/users\/2"}],"replies":[{"embeddable":true,"href":"https:\/\/sk-praga.cz\/zavody\/tis2022\/wp-json\/wp\/v2\/comments?post=31"}],"version-history":[{"count":17,"href":"https:\/\/sk-praga.cz\/zavody\/tis2022\/wp-json\/wp\/v2\/pages\/31\/revisions"}],"predecessor-version":[{"id":423,"href":"https:\/\/sk-praga.cz\/zavody\/tis2022\/wp-json\/wp\/v2\/pages\/31\/revisions\/423"}],"wp:attachment":[{"href":"https:\/\/sk-praga.cz\/zavody\/tis2022\/wp-json\/wp\/v2\/media?parent=31"}],"curies":[{"name":"wp","href":"https:\/\/api.w.org\/{rel}","templated":true}]}}