{"id":27,"date":"2021-08-19T17:17:13","date_gmt":"2021-08-19T17:17:13","guid":{"rendered":"http:\/\/sk-praga.cz\/zavody\/tis2022\/?page_id=27"},"modified":"2022-08-10T19:44:29","modified_gmt":"2022-08-10T19:44:29","slug":"aktuality","status":"publish","type":"page","link":"https:\/\/sk-praga.cz\/zavody\/tis2022\/","title":{"rendered":"Aktuality"},"content":{"rendered":"\n<h1>OB postupy<\/h1>\n<p>Je\u0161t\u011b se n\u00e1m poda\u0159ilo p\u0159idat trat\u011b na <a href=\"https:\/\/obpostupy.orientacnisporty.cz\/\">OB postupy<\/a>, tak se m\u016f\u017eete porovnat s kamar\u00e1dy pokud budete cht\u00edt.\n<\/p><hr>\n\n\n\n<h1>Fotky a pod\u011bkov\u00e1n\u00ed<\/h1>\n<p>D\u011bkujeme moc za \u00fa\u010dast, douf\u00e1me, \u017ee se v\u00e1m z\u00e1vody l\u00edbily, a odkazy na r\u016fzn\u00e9 fotky najdete <a href=\"http:\/\/sk-praga.cz\/zavody\/tis2022\/fotky\/fotky-ze-zavodu\/\">tady<\/a>.\n<\/p><hr>\n\n\n\n<h1>Kone\u010dn\u00e9 v\u00fdsledky<\/h1>\n<p>Celkov\u00e9 v\u00fdsledky jsou <a href=\"https:\/\/oris.orientacnisporty.cz\/Priloha?id=6778&amp;doc=Vysledky%20po%20E5\">tady<\/a> a v\u00fdsledky E5 v <a href=\"https:\/\/oris.orientacnisporty.cz\/Zavod?id=6777\">orisu<\/a>.\n<\/p><hr>\n\n\n\n<h1>Startovky na hendikep<\/h1>\n<p>A kdy p\u016fjdete do lesa? To se dozv\u00edte v <a href=\"https:\/\/oris.orientacnisporty.cz\/Zavod?id=6777\">orisu<\/a>.\n<\/p><hr>\n\n\n\n<h1>Fotky E4<\/h1>\n<p>Od Martina Jon\u00e1\u0161e <a href=\"https:\/\/eu.zonerama.com\/jondyho\/Album\/8748125\">zde<\/a>.\n<\/p><hr>\n\n\n\n<h1>V\u00fdsledky po E4<\/h1>\n<p>V\u00fdsledky \u010dtvrt\u00e9 etapy jsou <a href=\"https:\/\/oris.orientacnisporty.cz\/Zavod?id=6776\">tady<\/a> a v\u00fdsledky po \u010dtvrt\u00e9 etap\u011b <a href=\"https:\/\/oris.orientacnisporty.cz\/Priloha?id=6778&amp;doc=Vysledky%20po%20E4\">tady<\/a>.\n<\/p><hr>\n\n\n\n<h1>Fotky E3<\/h1>\n<p>Fotky ze t\u0159et\u00ed etapy op\u011bt od Martina Jon\u00e1\u0161e najdete <a href=\"https:\/\/eu.zonerama.com\/jondyho\/Album\/8745024\">zde<\/a>.\n<\/p><hr>\n\n\n\n<h1>V\u00fdsledky po E3<\/h1>\n<p>V\u00fdsledky t\u0159et\u00ed etapy jsou <a href=\"https:\/\/oris.orientacnisporty.cz\/Zavod?id=6775\">tady<\/a> a v\u00fdsledky po t\u0159et\u00ed etap\u011b <a href=\"https:\/\/oris.orientacnisporty.cz\/Priloha?id=6778&amp;doc=Vysledky%20po%20E3\">tady<\/a>.\n<\/p><hr>\n\n\n\n<h1>Fotky E2<\/h1>\n<p>Fotky z druh\u00e9 etapy od Martina Jon\u00e1\u0161e najdete <a href=\"https:\/\/eu.zonerama.com\/jondyho\/Album\/8742927\">zde<\/a>.\n<\/p><hr>\n\n\n\n<h1>V\u00fdsledky po E2<\/h1>\n<p>V\u00fdsledky druh\u00e9 etapy jsou <a href=\"https:\/\/oris.orientacnisporty.cz\/Zavod?id=6774\">tady<\/a> a v\u00fdsledky po druh\u00e9 etap\u011b <a href=\"https:\/\/oris.orientacnisporty.cz\/Priloha?id=6778&amp;doc=Vysledky%20po%20E2\">tady<\/a>.\n<\/p><hr>\n\n\n\n<h1>Fotky E1<\/h1>\n<p>Fotky z prvn\u00ed etapy od Martina Jon\u00e1\u0161e najdete <a href=\"https:\/\/eu.zonerama.com\/jondyho\/Album\/8741883\">zde<\/a>.\n<\/p><hr>\n\n\n\n<h1>Liveresults<\/h1>\n<p>E2 <a href=\"https:\/\/liveresultat.orientering.se\/followfull.php?lang=cz&amp;comp=23488\">https:\/\/liveresultat.orientering.se\/followfull.php?lang=cz&amp;comp=23488<\/a><br>\n E3 <a href=\"https:\/\/liveresultat.orientering.se\/followfull.php?lang=cz&amp;comp=23489\">https:\/\/liveresultat.orientering.se\/followfull.php?lang=cz&amp;comp=23489<\/a><br>\n E4 <a href=\"https:\/\/liveresultat.orientering.se\/followfull.php?lang=cz&amp;comp=23490\">https:\/\/liveresultat.orientering.se\/followfull.php?lang=cz&amp;comp=23490<\/a><br>\n E5 <a href=\"https:\/\/liveresultat.orientering.se\/followfull.php?lang=cz&amp;comp=23491\">https:\/\/liveresultat.orientering.se\/followfull.php?lang=cz&amp;comp=23491<\/a>\n<\/p><hr>\n\n\n\n<h1>V\u00fdsledky E1<\/h1>\n<p>V\u00fdsledky prvn\u00ed etapy jsou v <a href=\"https:\/\/oris.orientacnisporty.cz\/Vysledky?id=6773\">orisu<\/a>.\n<\/p><hr>\n\n\n\n<h1>Startovky<\/h1>\n<p>Jak jsme slibovali, jsou zve\u0159ejn\u011bn\u00e9 startovky na v\u0161echny etapy (krom hendikepu samoz\u0159ejm\u011b), op\u011bt bu\u010f na <a href=\"http:\/\/sk-praga.cz\/zavody\/tis2022\/startovky\/\">str\u00e1nk\u00e1ch<\/a> nebo v <a href=\"https:\/\/oris.orientacnisporty.cz\/Zavod?id=6778\">orisu<\/a>.<\/p>\n<hr>\n\n\n\n<h1>Pokyny<\/h1>\n<p>D\u00e1le zve\u0159ej\u0148ujeme pokyny, jsou bu\u010f <a href=\"http:\/\/sk-praga.cz\/zavody\/tis2022\/pokyny\/\">zde<\/a> nebo v <a href=\"https:\/\/oris.orientacnisporty.cz\/files\/6778_5bffc9d9e203f9103480128476ccde09.pdf\">orisu<\/a>. Najdete v nich ve\u0161ker\u00e9 u\u017eite\u010dn\u00e9 informace, v\u010detn\u011b pl\u00e1nku shroma\u017edi\u0161t\u011b a fin\u00e1ln\u00edch parametr\u016f trat\u00ed.<\/p>\n<hr>\n\n\n\n<h1>Startovka E1<\/h1>\n<p>Pro nedo\u010dkavce zve\u0159ej\u0148ujeme startovku E1 &#8211; najdete ji v <a href=\"https:\/\/oris.orientacnisporty.cz\/Zavod?id=6773\">orisu<\/a>. Sna\u017eili jsme se vyhov\u011bt co to \u0161lo, ale pokud se to nepovedlo, tak se omlouv\u00e1me. Startovky na dal\u0161\u00ed etapy budou n\u00e1sledovat.<\/p>\n<hr>\n\n\n\n<h1>Slou\u010den\u00ed kategori\u00ed<\/h1>\n<p>Slou\u010deny byly n\u00e1sleduj\u00edc\u00ed kategorie:\n<\/p><ul><li>D12B s D12A<\/li>\n<li>D14B s D14A<\/li>\n<li>D21C s D21B<\/li>\n<li>H12B s H12A<\/li>\n<li>H14B s H14A<\/li>\n<li>H21C s H21B<\/li><\/ul>\n<p><\/p>\n<hr>\n\n\n\n<h1>Nab\u00eddka ubytov\u00e1n\u00ed v  chatk\u00e1ch a pokoj\u00edch v Autokempu Jesenice<\/h1>\n<p>Poda\u0159ilo se n\u00e1m zajistit n\u011bkolik m\u00edst pro ubytov\u00e1n\u00ed z\u00e1vodn\u00edk\u016f v Autokempu Jesenice: \u010dty\u0159l\u016f\u017ekov\u00e9 chatky standardn\u00ed (B), \u010dty\u0159l\u016f\u017ekov\u00e9 chatky nov\u00e9 (BN) a dvoul\u016f\u017ekov\u00e9 pokoje, v\u0161e s vlastn\u00ed kuchy\u0148kou, ale se spole\u010dn\u00fdm soci\u00e1ln\u00edm za\u0159\u00edzen\u00edm. Objedn\u00e1vat je mo\u017en\u00e9 v syst\u00e9mu ORIS jako dopl\u0148kovou slu\u017ebu, pouze na celou dobu z\u00e1vodu (st\u0159eda 3.8. \u2013 ned\u011ble 7.8.). V\u00edce informac\u00ed o ubytov\u00e1n\u00ed v Autokempu Jesenice, viz: <a href=\"http:\/\/www.atcjesenice.cz\">www.atcjesenice.cz<\/a><\/p>\n<hr>\n\n\n\n<h1>Posunut\u00ed prvn\u00edho term\u00ednu p\u0159ihl\u00e1\u0161ek<\/h1>\n<p>Prvn\u00ed term\u00edn p\u0159ihl\u00e1\u0161ek za z\u00e1kladn\u00ed startovn\u00e9 byl posunut do <b>20.6.<\/b>.<\/p>\n<hr>\n\n\n\n<h1>P\u0159edpokl\u00e1dan\u00e9 parametry trat\u00ed<\/h1>\n<p>Byly zve\u0159ejn\u011bny <a href=\"http:\/\/sk-praga.cz\/zavody\/tis2022\/wp-content\/uploads\/2022\/05\/predpokladane_parametry_trati.pdf\" target=\"_blank\" rel=\"noopener\">p\u0159edpokl\u00e1dan\u00e9 parametry trat\u00ed<\/a> pro Tis 2022.<\/p>\n<hr>\n\n\n\n<h1>Aktualizovan\u00fd rozpis<\/h1>\n<p>Nov\u00fd rozpis (17.05.2022) je ke sta\u017een\u00ed <a href=\"http:\/\/sk-praga.cz\/zavody\/tis2022\/wp-content\/uploads\/2022\/05\/bulletin2-cz.pdf\">zde<\/a>. Do\u010dtete se v n\u011bm mimo jin\u00e9 d\u016fle\u017eit\u00e9 info o ubytov\u00e1n\u00ed (kemp bude), vzd\u00e1lenostech na start a z c\u00edle (v\u0161e do 2000 m), kdo V\u00e1m bude stav\u011bt trat\u011b (Jan \u0160ediv\u00fd a jin\u00e1 v\u00fdznamn\u00e1 jm\u00e9na), a tak.<\/p>\n<hr>\n\n\n\n<h1>Span\u00ed v kempu a dal\u0161\u00ed mo\u017enosti ubytov\u00e1n\u00ed<\/h1>\n<p>Po\u0159adatel\u016fm se poda\u0159ilo domluvit kemp v centru z\u00e1vodu. M\u00edsto v kempu je mo\u017en\u00e9 zakoupit v Orisu v dopl\u0148kov\u00fdch slu\u017eb\u00e1ch. Cena: 600,-\/osoba (\u00daT-NE), 300,-\/osoba (P\u00c1-NE), d\u011bti do 6 let sp\u00ed v kempu zdarma.<\/p>\n<p>D\u00e1le je mo\u017en\u00e9 vyu\u017e\u00edt ubytovac\u00edch kapacit v okol\u00ed obce Tis u Blatna, nam\u00e1tkou na p\u0159\u00edklad <a href=\"http:\/\/zihlesklarna.svet-stranek.cz\/\">\u017dihle<\/a>, <a href=\"https:\/\/www.atcjesenice.cz\/atc-jesenice\/\">ATC Jesenice<\/a>, obec Kralovice, a dal\u0161\u00ed.<\/p>\n<hr>\n\n\n\n<h1>P\u0159ihl\u00e1\u0161ky v ORISu jsou spu\u0161t\u011bny.<\/h1>\n<p>Ji\u017e se m\u016f\u017eete p\u0159ihla\u0161ovat v ORISu (<a href=\"https:\/\/oris.orientacnisporty.cz\/Zavod?id=6778\">klik<\/a>). Prvn\u00ed term\u00edn p\u0159ihl\u00e1\u0161ek kon\u010d\u00ed <b>31.5.2022<\/b> ve 23:59.\n<\/p>\n<hr>\n\n\n\n<h1>V\u00edtejte na str\u00e1nk\u00e1ch z\u00e1vod\u016f Tis2022!<\/h1>\n\n\n\n<p>V kalend\u00e1\u0159\u00edch si vy\u010dle\u0148te term\u00edn <strong>3.8.-7.8.2022 <\/strong>a dora\u017ete na p\u011btidenn\u00ed z\u00e1vody Tis2022! \u010cekaj\u00ed v\u00e1s kr\u00e1sn\u00e9 ter\u00e9ny okolo <strong>Tisu u Blatna<\/strong>, z nich\u017e n\u011bkter\u00e9 m\u016f\u017eete zn\u00e1t nap\u0159\u00edklad z M\u010cR \u0161tafet a dru\u017estev 2019, \u010di t\u0159\u00eddenn\u00edch z\u00e1vod\u016f Tis2020. Z\u00e1rove\u0148 se m\u016f\u017eete t\u011b\u0161it i na zcela <strong>nov\u011b zmapovan\u00e9 oblasti<\/strong>. Pokud chcete konkr\u00e9tn\u011bji zjistit, co V\u00e1s \u010dek\u00e1, prohl\u00e9dn\u011bte si <a href=\"http:\/\/sk-praga.cz\/zavody\/tis2022\/ukazky-map\/\">uk\u00e1zky map<\/a>, <a href=\"http:\/\/sk-praga.cz\/zavody\/tis2022\/fotky\/fotky-z-terenu\/\">fotky z ter\u00e9nu<\/a>, \u010di nahl\u00e9dn\u011bte do <a href=\"http:\/\/sk-praga.cz\/zavody\/tis2022\/wp-content\/uploads\/2021\/08\/bulletin1_cz.pdf\">rozpisu<\/a>. T\u011b\u0161\u00edme se na V\u00e1s! <\/p>\n\n\n\n<hr>\n","protected":false},"excerpt":{"rendered":"<p>OB postupy Je\u0161t\u011b se n\u00e1m poda\u0159ilo p\u0159idat trat\u011b na OB postupy, tak se m\u016f\u017eete porovnat s kamar\u00e1dy pokud budete cht\u00edt. Fotky a pod\u011bkov\u00e1n\u00ed D\u011bkujeme moc za \u00fa\u010dast, douf\u00e1me, \u017ee se v\u00e1m z\u00e1vody l\u00edbily, a odkazy na r\u016fzn\u00e9 fotky najdete tady. Kone\u010dn\u00e9 v\u00fdsledky Celkov\u00e9 v\u00fdsledky jsou tady a v\u00fdsledky E5 v orisu. Startovky na hendikep A &hellip; <\/p>\n<p class=\"link-more\"><a href=\"https:\/\/sk-praga.cz\/zavody\/tis2022\/\" class=\"more-link\">Continue reading<span class=\"screen-reader-text\"> &#8220;Aktuality&#8221;<\/span><\/a><\/p>\n","protected":false},"author":2,"featured_media":0,"parent":0,"menu_order":0,"comment_status":"closed","ping_status":"closed","template":"","meta":{"footnotes":""},"class_list":["post-27","page","type-page","status-publish","hentry"],"_links":{"self":[{"href":"https:\/\/sk-praga.cz\/zavody\/tis2022\/wp-json\/wp\/v2\/pages\/27","targetHints":{"allow":["GET"]}}],"collection":[{"href":"https:\/\/sk-praga.cz\/zavody\/tis2022\/wp-json\/wp\/v2\/pages"}],"about":[{"href":"https:\/\/sk-praga.cz\/zavody\/tis2022\/wp-json\/wp\/v2\/types\/page"}],"author":[{"embeddable":true,"href":"https:\/\/sk-praga.cz\/zavody\/tis2022\/wp-json\/wp\/v2\/users\/2"}],"replies":[{"embeddable":true,"href":"https:\/\/sk-praga.cz\/zavody\/tis2022\/wp-json\/wp\/v2\/comments?post=27"}],"version-history":[{"count":60,"href":"https:\/\/sk-praga.cz\/zavody\/tis2022\/wp-json\/wp\/v2\/pages\/27\/revisions"}],"predecessor-version":[{"id":520,"href":"https:\/\/sk-praga.cz\/zavody\/tis2022\/wp-json\/wp\/v2\/pages\/27\/revisions\/520"}],"wp:attachment":[{"href":"https:\/\/sk-praga.cz\/zavody\/tis2022\/wp-json\/wp\/v2\/media?parent=27"}],"curies":[{"name":"wp","href":"https:\/\/api.w.org\/{rel}","templated":true}]}}